{"id":132,"date":"2022-09-18T04:43:07","date_gmt":"2022-09-18T04:43:07","guid":{"rendered":"https:\/\/zozimo.vantoenfotografia.com\/?page_id=132"},"modified":"2025-01-07T21:15:01","modified_gmt":"2025-01-07T21:15:01","slug":"zozimo","status":"publish","type":"page","link":"https:\/\/zozimo.vantoenfotografia.com\/en\/zozimo\/","title":{"rendered":"Z\u00f3zimo"},"content":{"rendered":"<div data-elementor-type=\"wp-page\" data-elementor-id=\"132\" class=\"elementor elementor-132\" data-elementor-post-type=\"page\">\n\t\t\t\t\t\t<section class=\"elementor-section elementor-top-section elementor-element elementor-element-fc5731b elementor-section-boxed elementor-section-height-default elementor-section-height-default\" data-id=\"fc5731b\" data-element_type=\"section\" data-settings=\"{&quot;background_background&quot;:&quot;classic&quot;}\">\n\t\t\t\t\t\t<div class=\"elementor-container elementor-column-gap-default\">\n\t\t\t\t\t<div class=\"elementor-column elementor-col-33 elementor-top-column elementor-element elementor-element-afabf7c\" data-id=\"afabf7c\" data-element_type=\"column\">\n\t\t\t<div class=\"elementor-widget-wrap elementor-element-populated\">\n\t\t\t\t\t\t<div class=\"elementor-element elementor-element-751d2ed elementor-widget elementor-widget-heading\" data-id=\"751d2ed\" data-element_type=\"widget\" data-widget_type=\"heading.default\">\n\t\t\t\t<div class=\"elementor-widget-container\">\n\t\t\t\t\t<h1 class=\"elementor-heading-title elementor-size-default\"><b>Z\u00d3ZIMO<\/b>\n<br>\n<i>Bulbul<\/i><\/h1>\t\t\t\t<\/div>\n\t\t\t\t<\/div>\n\t\t\t\t\t<\/div>\n\t\t<\/div>\n\t\t\t\t<div class=\"elementor-column elementor-col-33 elementor-top-column elementor-element elementor-element-eb87c06\" data-id=\"eb87c06\" data-element_type=\"column\">\n\t\t\t<div class=\"elementor-widget-wrap elementor-element-populated\">\n\t\t\t\t\t\t<div class=\"elementor-element elementor-element-b913563 elementor-widget elementor-widget-text-editor\" data-id=\"b913563\" data-element_type=\"widget\" data-widget_type=\"text-editor.default\">\n\t\t\t\t<div class=\"elementor-widget-container\">\n\t\t\t\t\t\t\t\t\t<p>the father of brazilian black cinema<\/p>\t\t\t\t\t\t\t\t<\/div>\n\t\t\t\t<\/div>\n\t\t\t\t<div class=\"elementor-element elementor-element-01e7a52 elementor-widget elementor-widget-image\" data-id=\"01e7a52\" data-element_type=\"widget\" data-widget_type=\"image.default\">\n\t\t\t\t<div class=\"elementor-widget-container\">\n\t\t\t\t\t\t\t\t\t\t\t\t\t\t\t<img fetchpriority=\"high\" decoding=\"async\" width=\"1129\" height=\"1499\" src=\"https:\/\/zozimo.vantoenfotografia.com\/wp-content\/uploads\/2022\/09\/2.webp\" class=\"attachment-full size-full wp-image-135\" alt=\"\" srcset=\"https:\/\/zozimo.vantoenfotografia.com\/wp-content\/uploads\/2022\/09\/2.webp 1129w, https:\/\/zozimo.vantoenfotografia.com\/wp-content\/uploads\/2022\/09\/2-226x300.webp 226w, https:\/\/zozimo.vantoenfotografia.com\/wp-content\/uploads\/2022\/09\/2-771x1024.webp 771w, https:\/\/zozimo.vantoenfotografia.com\/wp-content\/uploads\/2022\/09\/2-768x1020.webp 768w, https:\/\/zozimo.vantoenfotografia.com\/wp-content\/uploads\/2022\/09\/2-9x12.webp 9w\" sizes=\"(max-width: 1129px) 100vw, 1129px\" \/>\t\t\t\t\t\t\t\t\t\t\t\t\t\t\t<\/div>\n\t\t\t\t<\/div>\n\t\t\t\t\t<\/div>\n\t\t<\/div>\n\t\t\t\t<div class=\"elementor-column elementor-col-33 elementor-top-column elementor-element elementor-element-d7abeee\" data-id=\"d7abeee\" data-element_type=\"column\">\n\t\t\t<div class=\"elementor-widget-wrap elementor-element-populated\">\n\t\t\t\t\t\t<div class=\"elementor-element elementor-element-d424ef9 elementor-widget elementor-widget-heading\" data-id=\"d424ef9\" data-element_type=\"widget\" data-widget_type=\"heading.default\">\n\t\t\t\t<div class=\"elementor-widget-container\">\n\t\t\t\t\t<h2 class=\"elementor-heading-title elementor-size-default\"><b>JORGE<\/b>\n<br><i>da Silva<\/i><\/h2>\t\t\t\t<\/div>\n\t\t\t\t<\/div>\n\t\t\t\t\t<\/div>\n\t\t<\/div>\n\t\t\t\t\t<\/div>\n\t\t<\/section>\n\t\t\t\t<section class=\"elementor-section elementor-top-section elementor-element elementor-element-be92bf9 elementor-section-boxed elementor-section-height-default elementor-section-height-default\" data-id=\"be92bf9\" data-element_type=\"section\">\n\t\t\t\t\t\t<div class=\"elementor-container elementor-column-gap-default\">\n\t\t\t\t\t<div class=\"elementor-column elementor-col-100 elementor-top-column elementor-element elementor-element-36ee18c\" data-id=\"36ee18c\" data-element_type=\"column\">\n\t\t\t<div class=\"elementor-widget-wrap elementor-element-populated\">\n\t\t\t\t\t\t<div class=\"elementor-element elementor-element-bf4307d elementor-widget elementor-widget-text-editor\" data-id=\"bf4307d\" data-element_type=\"widget\" data-widget_type=\"text-editor.default\">\n\t\t\t\t<div class=\"elementor-widget-container\">\n\t\t\t\t\t\t\t\t\t<p><span style=\"font-weight: 400;\">Rio de Janeiro, 1966. A military dictatorship took over the country, just 78 years after the abolition of slavery. A black child goes to the theater for the first time and watches an, also black, actor, shine on stage. Vantoen Pereira Jr watches his uncle Z\u00f3zimo Bulbul in the play \u201cMem\u00f3rias de um Sargento de Mil\u00edcias\u201d (\u201cMemoirs of a Police Sergeant\u201d) alongside a mainly black cast. Almost 50 years after, in 2013, while on his would-be death bed, Z\u00f3zimo asks Vantoen to take his picture. It is at that moment that his nephew realizes that he needs to tell his uncle\u2019s story: how Z\u00f3zimo Bulbul - born Jorge da Silva - forged his artistic path, being the first black main character in a Brazilian novela and becoming known as the \u201cfather of Brazilian black cinema\u201d.<\/span><\/p><p><span style=\"font-weight: 400;\">Z\u00f3zimo lived during several critical moments in Brazil\u2019s history. The military dictatorship, political persecution, exile, but also artistic movements like Cinema Novo and Bossa Nova. Z\u00f3zimo had an active role in these, sometimes as the only black person. He was in a novela as the main love interest in an interracial couple - something so revolutionary that it got censored -, was a high fashion model in a time when black beauty was not recognized, acted in staple movies of the Cinema Novo movement, and dared to direct his own movies, even if it meant using discarded film materials. <\/span><\/p>\t\t\t\t\t\t\t\t<\/div>\n\t\t\t\t<\/div>\n\t\t\t\t\t<\/div>\n\t\t<\/div>\n\t\t\t\t\t<\/div>\n\t\t<\/section>\n\t\t\t\t<section class=\"elementor-section elementor-top-section elementor-element elementor-element-3e0a54d elementor-section-boxed elementor-section-height-default elementor-section-height-default\" data-id=\"3e0a54d\" data-element_type=\"section\">\n\t\t\t\t\t\t<div class=\"elementor-container elementor-column-gap-default\">\n\t\t\t\t\t<div class=\"elementor-column elementor-col-100 elementor-top-column elementor-element elementor-element-6865126\" data-id=\"6865126\" data-element_type=\"column\">\n\t\t\t<div class=\"elementor-widget-wrap elementor-element-populated\">\n\t\t\t\t\t\t<div class=\"elementor-element elementor-element-c1fcd4e elementor-icon-list--layout-traditional elementor-list-item-link-full_width elementor-widget elementor-widget-icon-list\" data-id=\"c1fcd4e\" data-element_type=\"widget\" data-widget_type=\"icon-list.default\">\n\t\t\t\t<div class=\"elementor-widget-container\">\n\t\t\t\t\t\t\t<ul class=\"elementor-icon-list-items\">\n\t\t\t\t\t\t\t<li class=\"elementor-icon-list-item\">\n\t\t\t\t\t\t\t\t\t\t<span class=\"elementor-icon-list-text\">Actor<\/span>\n\t\t\t\t\t\t\t\t\t<\/li>\n\t\t\t\t\t\t\t\t<li class=\"elementor-icon-list-item\">\n\t\t\t\t\t\t\t\t\t\t<span class=\"elementor-icon-list-text\"><b>Director<\/b><\/span>\n\t\t\t\t\t\t\t\t\t<\/li>\n\t\t\t\t\t\t\t\t<li class=\"elementor-icon-list-item\">\n\t\t\t\t\t\t\t\t\t\t<span class=\"elementor-icon-list-text\">Scriptwriter<\/span>\n\t\t\t\t\t\t\t\t\t<\/li>\n\t\t\t\t\t\t\t\t<li class=\"elementor-icon-list-item\">\n\t\t\t\t\t\t\t\t\t\t<span class=\"elementor-icon-list-text\"><b>Producer<\/b><\/span>\n\t\t\t\t\t\t\t\t\t<\/li>\n\t\t\t\t\t\t<\/ul>\n\t\t\t\t\t\t<\/div>\n\t\t\t\t<\/div>\n\t\t\t\t\t<\/div>\n\t\t<\/div>\n\t\t\t\t\t<\/div>\n\t\t<\/section>\n\t\t\t\t<section class=\"elementor-section elementor-top-section elementor-element elementor-element-b4a7f58 elementor-section-full_width elementor-section-height-default elementor-section-height-default\" data-id=\"b4a7f58\" data-element_type=\"section\" id=\"zozimo-gallery\">\n\t\t\t\t\t\t<div class=\"elementor-container elementor-column-gap-no\">\n\t\t\t\t\t<div class=\"elementor-column elementor-col-100 elementor-top-column elementor-element elementor-element-962781f\" data-id=\"962781f\" data-element_type=\"column\">\n\t\t\t<div class=\"elementor-widget-wrap elementor-element-populated\">\n\t\t\t\t\t\t<div class=\"elementor-element elementor-element-6ed8c15 elementor-arrows-position-inside elementor-widget elementor-widget-image-carousel\" data-id=\"6ed8c15\" data-element_type=\"widget\" data-settings=\"{&quot;slides_to_show&quot;:&quot;1&quot;,&quot;navigation&quot;:&quot;arrows&quot;,&quot;lazyload&quot;:&quot;yes&quot;,&quot;autoplay&quot;:&quot;yes&quot;,&quot;pause_on_hover&quot;:&quot;yes&quot;,&quot;pause_on_interaction&quot;:&quot;yes&quot;,&quot;autoplay_speed&quot;:5000,&quot;infinite&quot;:&quot;yes&quot;,&quot;effect&quot;:&quot;slide&quot;,&quot;speed&quot;:500}\" data-widget_type=\"image-carousel.default\">\n\t\t\t\t<div class=\"elementor-widget-container\">\n\t\t\t\t\t\t\t<div class=\"elementor-image-carousel-wrapper swiper\" role=\"region\" aria-roledescription=\"carousel\" aria-label=\"Image Carousel\" dir=\"ltr\">\n\t\t\t<div class=\"elementor-image-carousel swiper-wrapper\" aria-live=\"off\">\n\t\t\t\t\t\t\t\t<div class=\"swiper-slide\" role=\"group\" aria-roledescription=\"slide\" aria-label=\"1 of 2\"><a data-elementor-open-lightbox=\"yes\" data-elementor-lightbox-slideshow=\"6ed8c15\" data-e-action-hash=\"#elementor-action%3Aaction%3Dlightbox%26settings%3DeyJpZCI6MTQxLCJ1cmwiOiJodHRwczpcL1wvem96aW1vLnZhbnRvZW5mb3RvZ3JhZmlhLmNvbVwvd3AtY29udGVudFwvdXBsb2Fkc1wvMjAyMlwvMDlcL2V4cG9zaWNhby1zb2JyZS16b3ppbW8tYnVsYnVsLWVzdHJlaWEtbmVzdGEtdGVyY2EtZmVpcmEtbm8tY2VudHJvLWN1bHR1ci53ZWJwIiwic2xpZGVzaG93IjoiNmVkOGMxNSJ9\" href=\"https:\/\/zozimo.vantoenfotografia.com\/wp-content\/uploads\/2022\/09\/exposicao-sobre-zozimo-bulbul-estreia-nesta-terca-feira-no-centro-cultur.webp\"><figure class=\"swiper-slide-inner\"><img class=\"swiper-slide-image swiper-lazy\" data-src=\"https:\/\/zozimo.vantoenfotografia.com\/wp-content\/uploads\/2022\/09\/exposicao-sobre-zozimo-bulbul-estreia-nesta-terca-feira-no-centro-cultur.webp\" alt=\"exposicao-sobre-zozimo-bulbul-estreia-nesta-terca-feira-no-centro-cultur\" \/><div class=\"swiper-lazy-preloader\"><\/div><\/figure><\/a><\/div><div class=\"swiper-slide\" role=\"group\" aria-roledescription=\"slide\" aria-label=\"2 of 2\"><a data-elementor-open-lightbox=\"yes\" data-elementor-lightbox-slideshow=\"6ed8c15\" data-e-action-hash=\"#elementor-action%3Aaction%3Dlightbox%26settings%3DeyJpZCI6MTQwLCJ1cmwiOiJodHRwczpcL1wvem96aW1vLnZhbnRvZW5mb3RvZ3JhZmlhLmNvbVwvd3AtY29udGVudFwvdXBsb2Fkc1wvMjAyMlwvMDlcL1x1MDBhOVBob3RvLXBvci1WYW50b2VuLVBKUi1fMTFfLXNjYWxlZC53ZWJwIiwic2xpZGVzaG93IjoiNmVkOGMxNSJ9\" href=\"https:\/\/zozimo.vantoenfotografia.com\/wp-content\/uploads\/2022\/09\/\u00a9Photo-por-Vantoen-PJR-_11_-scaled.webp\"><figure class=\"swiper-slide-inner\"><img class=\"swiper-slide-image swiper-lazy\" data-src=\"https:\/\/zozimo.vantoenfotografia.com\/wp-content\/uploads\/2022\/09\/\u00a9Photo-por-Vantoen-PJR-_11_-1024x680.webp\" alt=\"\u00a9Photo-por-Vantoen-PJR-_11_\" \/><div class=\"swiper-lazy-preloader\"><\/div><\/figure><\/a><\/div>\t\t\t<\/div>\n\t\t\t\t\t\t\t\t\t\t\t\t<div class=\"elementor-swiper-button elementor-swiper-button-prev\" role=\"button\" tabindex=\"0\">\n\t\t\t\t\t\t<i aria-hidden=\"true\" class=\"eicon-chevron-left\"><\/i>\t\t\t\t\t<\/div>\n\t\t\t\t\t<div class=\"elementor-swiper-button elementor-swiper-button-next\" role=\"button\" tabindex=\"0\">\n\t\t\t\t\t\t<i aria-hidden=\"true\" class=\"eicon-chevron-right\"><\/i>\t\t\t\t\t<\/div>\n\t\t\t\t\n\t\t\t\t\t\t\t\t\t<\/div>\n\t\t\t\t\t\t<\/div>\n\t\t\t\t<\/div>\n\t\t\t\t<div class=\"elementor-element elementor-element-77b814a elementor-widget elementor-widget-image\" data-id=\"77b814a\" data-element_type=\"widget\" data-widget_type=\"image.default\">\n\t\t\t\t<div class=\"elementor-widget-container\">\n\t\t\t\t\t\t\t\t\t\t\t\t\t\t\t\t<a href=\"https:\/\/zozimo.vantoenfotografia.com\/wp-content\/uploads\/2022\/09\/Zozimo-e-Vantoen-atras-das-cameras.webp\" data-elementor-open-lightbox=\"yes\" data-e-action-hash=\"#elementor-action%3Aaction%3Dlightbox%26settings%3DeyJpZCI6MTQyLCJ1cmwiOiJodHRwczpcL1wvem96aW1vLnZhbnRvZW5mb3RvZ3JhZmlhLmNvbVwvd3AtY29udGVudFwvdXBsb2Fkc1wvMjAyMlwvMDlcL1pvemltby1lLVZhbnRvZW4tYXRyYXMtZGFzLWNhbWVyYXMud2VicCJ9\">\n\t\t\t\t\t\t\t<img decoding=\"async\" width=\"800\" height=\"296\" src=\"https:\/\/zozimo.vantoenfotografia.com\/wp-content\/uploads\/2022\/09\/Zozimo-e-Vantoen-atras-das-cameras.webp\" class=\"attachment-large size-large wp-image-142\" alt=\"\" srcset=\"https:\/\/zozimo.vantoenfotografia.com\/wp-content\/uploads\/2022\/09\/Zozimo-e-Vantoen-atras-das-cameras.webp 939w, https:\/\/zozimo.vantoenfotografia.com\/wp-content\/uploads\/2022\/09\/Zozimo-e-Vantoen-atras-das-cameras-300x111.webp 300w, https:\/\/zozimo.vantoenfotografia.com\/wp-content\/uploads\/2022\/09\/Zozimo-e-Vantoen-atras-das-cameras-768x284.webp 768w, https:\/\/zozimo.vantoenfotografia.com\/wp-content\/uploads\/2022\/09\/Zozimo-e-Vantoen-atras-das-cameras-18x7.webp 18w\" sizes=\"(max-width: 800px) 100vw, 800px\" \/>\t\t\t\t\t\t\t\t<\/a>\n\t\t\t\t\t\t\t\t\t\t\t\t\t\t\t<\/div>\n\t\t\t\t<\/div>\n\t\t\t\t<div class=\"elementor-element elementor-element-a8cfa72 elementor-widget elementor-widget-image\" data-id=\"a8cfa72\" data-element_type=\"widget\" data-widget_type=\"image.default\">\n\t\t\t\t<div class=\"elementor-widget-container\">\n\t\t\t\t\t\t\t\t\t\t\t\t\t\t\t\t<a href=\"https:\/\/zozimo.vantoenfotografia.com\/wp-content\/uploads\/2022\/09\/Cena-do-Filme-Alma-no-Olho-1974.webp\" data-elementor-open-lightbox=\"yes\" data-elementor-lightbox-title=\"Z\u00f3zimo Bulbul em filme Alma no Olho (1974)\" data-e-action-hash=\"#elementor-action%3Aaction%3Dlightbox%26settings%3DeyJpZCI6ODAsInVybCI6Imh0dHBzOlwvXC96b3ppbW8udmFudG9lbmZvdG9ncmFmaWEuY29tXC93cC1jb250ZW50XC91cGxvYWRzXC8yMDIyXC8wOVwvQ2VuYS1kby1GaWxtZS1BbG1hLW5vLU9saG8tMTk3NC53ZWJwIn0%3D\">\n\t\t\t\t\t\t\t<img decoding=\"async\" width=\"526\" height=\"387\" src=\"https:\/\/zozimo.vantoenfotografia.com\/wp-content\/uploads\/2022\/09\/Cena-do-Filme-Alma-no-Olho-1974.webp\" class=\"attachment-large size-large wp-image-80\" alt=\"\" srcset=\"https:\/\/zozimo.vantoenfotografia.com\/wp-content\/uploads\/2022\/09\/Cena-do-Filme-Alma-no-Olho-1974.webp 526w, https:\/\/zozimo.vantoenfotografia.com\/wp-content\/uploads\/2022\/09\/Cena-do-Filme-Alma-no-Olho-1974-300x221.webp 300w, https:\/\/zozimo.vantoenfotografia.com\/wp-content\/uploads\/2022\/09\/Cena-do-Filme-Alma-no-Olho-1974-16x12.webp 16w\" sizes=\"(max-width: 526px) 100vw, 526px\" \/>\t\t\t\t\t\t\t\t<\/a>\n\t\t\t\t\t\t\t\t\t\t\t\t\t\t\t<\/div>\n\t\t\t\t<\/div>\n\t\t\t\t\t<\/div>\n\t\t<\/div>\n\t\t\t\t\t<\/div>\n\t\t<\/section>\n\t\t\t\t<section class=\"elementor-section elementor-top-section elementor-element elementor-element-9cfd561 elementor-section-boxed elementor-section-height-default elementor-section-height-default\" data-id=\"9cfd561\" data-element_type=\"section\">\n\t\t\t\t\t\t<div class=\"elementor-container elementor-column-gap-default\">\n\t\t\t\t\t<div class=\"elementor-column elementor-col-100 elementor-top-column elementor-element elementor-element-95adbc7\" data-id=\"95adbc7\" data-element_type=\"column\">\n\t\t\t<div class=\"elementor-widget-wrap elementor-element-populated\">\n\t\t\t\t\t\t<div class=\"elementor-element elementor-element-f6ff79b elementor-widget elementor-widget-testimonial\" data-id=\"f6ff79b\" data-element_type=\"widget\" data-widget_type=\"testimonial.default\">\n\t\t\t\t<div class=\"elementor-widget-container\">\n\t\t\t\t\t\t\t<div class=\"elementor-testimonial-wrapper\">\n\t\t\t\t\t\t\t<div class=\"elementor-testimonial-content\">\u201cMy uncle was a black, handsome, cultured, smart, talented, bold, and radical man. He changed paradigms, conquered spaces, questioned, created, and dared. And in doing so, he built opportunities for me and many others who came after.\u201d<\/div>\n\t\t\t\n\t\t\t\t\t\t<div class=\"elementor-testimonial-meta\">\n\t\t\t\t<div class=\"elementor-testimonial-meta-inner\">\n\t\t\t\t\t\n\t\t\t\t\t\t\t\t\t\t<div class=\"elementor-testimonial-details\">\n\t\t\t\t\t\t\t\t\t\t\t\t\t\t<div class=\"elementor-testimonial-name\">Vantoen Pereira Jr<\/div>\n\t\t\t\t\t\t\t\t\t\t\t\t\t\t\t\t\t\t\t<\/div>\n\t\t\t\t\t\t\t\t\t<\/div>\n\t\t\t<\/div>\n\t\t\t\t\t<\/div>\n\t\t\t\t\t\t<\/div>\n\t\t\t\t<\/div>\n\t\t\t\t\t<\/div>\n\t\t<\/div>\n\t\t\t\t\t<\/div>\n\t\t<\/section>\n\t\t\t\t<\/div>","protected":false},"excerpt":{"rendered":"<p>Z\u00d3ZIMO Bulbul o pai do cinema negro JORGE da Silva Rio de Janeiro, 1966. Uma ditadura militar instaurada no pa\u00eds, apenas 78 anos passados da aboli\u00e7\u00e3o da escravid\u00e3o. Uma crian\u00e7a negra vai ao teatro pela primeira vez e assiste um ator, tamb\u00e9m negro, se destacar no palco. Vantoen Pereira Jr. assiste seu tio, Z\u00f3zimo Bulbul [&hellip;]<\/p>","protected":false},"author":1,"featured_media":135,"parent":0,"menu_order":0,"comment_status":"closed","ping_status":"closed","template":"","meta":{"footnotes":""},"class_list":["post-132","page","type-page","status-publish","has-post-thumbnail","hentry"],"yoast_head":"<!-- This site is optimized with the Yoast SEO plugin v27.2 - https:\/\/yoast.com\/product\/yoast-seo-wordpress\/ -->\n<title>Z\u00f3zimo - Z\u00f3zimo Bulbul<\/title>\n<meta name=\"description\" content=\"Veja mais sobre a trajet\u00f3ria de Jorge da Silva e entenda como ele se tornou o grande Z\u00f3zimo Bulbul, pai do cinema negro brasileiro\" \/>\n<meta name=\"robots\" content=\"index, follow, max-snippet:-1, max-image-preview:large, max-video-preview:-1\" \/>\n<link rel=\"canonical\" href=\"https:\/\/zozimo.vantoenfotografia.com\/en\/zozimo\/\" \/>\n<meta property=\"og:locale\" content=\"en_US\" \/>\n<meta property=\"og:type\" content=\"article\" \/>\n<meta property=\"og:title\" content=\"Z\u00f3zimo - Z\u00f3zimo Bulbul\" \/>\n<meta property=\"og:description\" content=\"Veja mais sobre a trajet\u00f3ria de Jorge da Silva e entenda como ele se tornou o grande Z\u00f3zimo Bulbul, pai do cinema negro brasileiro\" \/>\n<meta property=\"og:url\" content=\"https:\/\/zozimo.vantoenfotografia.com\/en\/zozimo\/\" \/>\n<meta property=\"og:site_name\" content=\"Z\u00f3zimo Bulbul\" \/>\n<meta property=\"article:modified_time\" content=\"2025-01-07T21:15:01+00:00\" \/>\n<meta property=\"og:image\" content=\"https:\/\/zozimo.vantoenfotografia.com\/wp-content\/uploads\/2022\/09\/2.webp\" \/>\n\t<meta property=\"og:image:width\" content=\"1129\" \/>\n\t<meta property=\"og:image:height\" content=\"1499\" \/>\n\t<meta property=\"og:image:type\" content=\"image\/webp\" \/>\n<meta name=\"twitter:card\" content=\"summary_large_image\" \/>\n<meta name=\"twitter:label1\" content=\"Est. reading time\" \/>\n\t<meta name=\"twitter:data1\" content=\"3 minutes\" \/>\n<script type=\"application\/ld+json\" class=\"yoast-schema-graph\">{\"@context\":\"https:\/\/schema.org\",\"@graph\":[{\"@type\":\"WebPage\",\"@id\":\"https:\/\/zozimo.vantoenfotografia.com\/zozimo\/\",\"url\":\"https:\/\/zozimo.vantoenfotografia.com\/zozimo\/\",\"name\":\"Z\u00f3zimo - Z\u00f3zimo Bulbul\",\"isPartOf\":{\"@id\":\"https:\/\/zozimo.vantoenfotografia.com\/#website\"},\"primaryImageOfPage\":{\"@id\":\"https:\/\/zozimo.vantoenfotografia.com\/zozimo\/#primaryimage\"},\"image\":{\"@id\":\"https:\/\/zozimo.vantoenfotografia.com\/zozimo\/#primaryimage\"},\"thumbnailUrl\":\"https:\/\/zozimo.vantoenfotografia.com\/wp-content\/uploads\/2022\/09\/2.webp\",\"datePublished\":\"2022-09-18T04:43:07+00:00\",\"dateModified\":\"2025-01-07T21:15:01+00:00\",\"description\":\"Veja mais sobre a trajet\u00f3ria de Jorge da Silva e entenda como ele se tornou o grande Z\u00f3zimo Bulbul, pai do cinema negro brasileiro\",\"breadcrumb\":{\"@id\":\"https:\/\/zozimo.vantoenfotografia.com\/zozimo\/#breadcrumb\"},\"inLanguage\":\"en-US\",\"potentialAction\":[{\"@type\":\"ReadAction\",\"target\":[\"https:\/\/zozimo.vantoenfotografia.com\/zozimo\/\"]}]},{\"@type\":\"ImageObject\",\"inLanguage\":\"en-US\",\"@id\":\"https:\/\/zozimo.vantoenfotografia.com\/zozimo\/#primaryimage\",\"url\":\"https:\/\/zozimo.vantoenfotografia.com\/wp-content\/uploads\/2022\/09\/2.webp\",\"contentUrl\":\"https:\/\/zozimo.vantoenfotografia.com\/wp-content\/uploads\/2022\/09\/2.webp\",\"width\":1129,\"height\":1499,\"caption\":\"Z\u00f3zimo Bulbul, pai do cinema negro brasileiro\"},{\"@type\":\"BreadcrumbList\",\"@id\":\"https:\/\/zozimo.vantoenfotografia.com\/zozimo\/#breadcrumb\",\"itemListElement\":[{\"@type\":\"ListItem\",\"position\":1,\"name\":\"Home\",\"item\":\"https:\/\/zozimo.vantoenfotografia.com\/\"},{\"@type\":\"ListItem\",\"position\":2,\"name\":\"Z\u00f3zimo\"}]},{\"@type\":\"WebSite\",\"@id\":\"https:\/\/zozimo.vantoenfotografia.com\/#website\",\"url\":\"https:\/\/zozimo.vantoenfotografia.com\/\",\"name\":\"Z\u00f3zimo Bulbul\",\"description\":\"Z\u00f3zimo Bulbul O Vo\u00f4 do Rouxinol\",\"publisher\":{\"@id\":\"https:\/\/zozimo.vantoenfotografia.com\/#organization\"},\"potentialAction\":[{\"@type\":\"SearchAction\",\"target\":{\"@type\":\"EntryPoint\",\"urlTemplate\":\"https:\/\/zozimo.vantoenfotografia.com\/?s={search_term_string}\"},\"query-input\":{\"@type\":\"PropertyValueSpecification\",\"valueRequired\":true,\"valueName\":\"search_term_string\"}}],\"inLanguage\":\"en-US\"},{\"@type\":\"Organization\",\"@id\":\"https:\/\/zozimo.vantoenfotografia.com\/#organization\",\"name\":\"Z\u00f3zimo Bulbul\",\"url\":\"https:\/\/zozimo.vantoenfotografia.com\/\",\"logo\":{\"@type\":\"ImageObject\",\"inLanguage\":\"en-US\",\"@id\":\"https:\/\/zozimo.vantoenfotografia.com\/#\/schema\/logo\/image\/\",\"url\":\"https:\/\/zozimo.vantoenfotografia.com\/wp-content\/uploads\/2022\/09\/logo_vantoen_colorida-e1663470348911.webp\",\"contentUrl\":\"https:\/\/zozimo.vantoenfotografia.com\/wp-content\/uploads\/2022\/09\/logo_vantoen_colorida-e1663470348911.webp\",\"width\":1427,\"height\":201,\"caption\":\"Z\u00f3zimo Bulbul\"},\"image\":{\"@id\":\"https:\/\/zozimo.vantoenfotografia.com\/#\/schema\/logo\/image\/\"}}]}<\/script>\n<!-- \/ Yoast SEO plugin. -->","yoast_head_json":{"title":"Z\u00f3zimo - Z\u00f3zimo Bulbul","description":"Veja mais sobre a trajet\u00f3ria de Jorge da Silva e entenda como ele se tornou o grande Z\u00f3zimo Bulbul, pai do cinema negro brasileiro","robots":{"index":"index","follow":"follow","max-snippet":"max-snippet:-1","max-image-preview":"max-image-preview:large","max-video-preview":"max-video-preview:-1"},"canonical":"https:\/\/zozimo.vantoenfotografia.com\/en\/zozimo\/","og_locale":"en_US","og_type":"article","og_title":"Z\u00f3zimo - Z\u00f3zimo Bulbul","og_description":"Veja mais sobre a trajet\u00f3ria de Jorge da Silva e entenda como ele se tornou o grande Z\u00f3zimo Bulbul, pai do cinema negro brasileiro","og_url":"https:\/\/zozimo.vantoenfotografia.com\/en\/zozimo\/","og_site_name":"Z\u00f3zimo Bulbul","article_modified_time":"2025-01-07T21:15:01+00:00","og_image":[{"width":1129,"height":1499,"url":"https:\/\/zozimo.vantoenfotografia.com\/wp-content\/uploads\/2022\/09\/2.webp","type":"image\/webp"}],"twitter_card":"summary_large_image","twitter_misc":{"Est. reading time":"3 minutes"},"schema":{"@context":"https:\/\/schema.org","@graph":[{"@type":"WebPage","@id":"https:\/\/zozimo.vantoenfotografia.com\/zozimo\/","url":"https:\/\/zozimo.vantoenfotografia.com\/zozimo\/","name":"Z\u00f3zimo - Z\u00f3zimo Bulbul","isPartOf":{"@id":"https:\/\/zozimo.vantoenfotografia.com\/#website"},"primaryImageOfPage":{"@id":"https:\/\/zozimo.vantoenfotografia.com\/zozimo\/#primaryimage"},"image":{"@id":"https:\/\/zozimo.vantoenfotografia.com\/zozimo\/#primaryimage"},"thumbnailUrl":"https:\/\/zozimo.vantoenfotografia.com\/wp-content\/uploads\/2022\/09\/2.webp","datePublished":"2022-09-18T04:43:07+00:00","dateModified":"2025-01-07T21:15:01+00:00","description":"Veja mais sobre a trajet\u00f3ria de Jorge da Silva e entenda como ele se tornou o grande Z\u00f3zimo Bulbul, pai do cinema negro brasileiro","breadcrumb":{"@id":"https:\/\/zozimo.vantoenfotografia.com\/zozimo\/#breadcrumb"},"inLanguage":"en-US","potentialAction":[{"@type":"ReadAction","target":["https:\/\/zozimo.vantoenfotografia.com\/zozimo\/"]}]},{"@type":"ImageObject","inLanguage":"en-US","@id":"https:\/\/zozimo.vantoenfotografia.com\/zozimo\/#primaryimage","url":"https:\/\/zozimo.vantoenfotografia.com\/wp-content\/uploads\/2022\/09\/2.webp","contentUrl":"https:\/\/zozimo.vantoenfotografia.com\/wp-content\/uploads\/2022\/09\/2.webp","width":1129,"height":1499,"caption":"Z\u00f3zimo Bulbul, pai do cinema negro brasileiro"},{"@type":"BreadcrumbList","@id":"https:\/\/zozimo.vantoenfotografia.com\/zozimo\/#breadcrumb","itemListElement":[{"@type":"ListItem","position":1,"name":"Home","item":"https:\/\/zozimo.vantoenfotografia.com\/"},{"@type":"ListItem","position":2,"name":"Z\u00f3zimo"}]},{"@type":"WebSite","@id":"https:\/\/zozimo.vantoenfotografia.com\/#website","url":"https:\/\/zozimo.vantoenfotografia.com\/","name":"Z\u00f3zimo Bulbul","description":"Z\u00f3zimo Bulbul O Vo\u00f4 do Rouxinol","publisher":{"@id":"https:\/\/zozimo.vantoenfotografia.com\/#organization"},"potentialAction":[{"@type":"SearchAction","target":{"@type":"EntryPoint","urlTemplate":"https:\/\/zozimo.vantoenfotografia.com\/?s={search_term_string}"},"query-input":{"@type":"PropertyValueSpecification","valueRequired":true,"valueName":"search_term_string"}}],"inLanguage":"en-US"},{"@type":"Organization","@id":"https:\/\/zozimo.vantoenfotografia.com\/#organization","name":"Z\u00f3zimo Bulbul","url":"https:\/\/zozimo.vantoenfotografia.com\/","logo":{"@type":"ImageObject","inLanguage":"en-US","@id":"https:\/\/zozimo.vantoenfotografia.com\/#\/schema\/logo\/image\/","url":"https:\/\/zozimo.vantoenfotografia.com\/wp-content\/uploads\/2022\/09\/logo_vantoen_colorida-e1663470348911.webp","contentUrl":"https:\/\/zozimo.vantoenfotografia.com\/wp-content\/uploads\/2022\/09\/logo_vantoen_colorida-e1663470348911.webp","width":1427,"height":201,"caption":"Z\u00f3zimo Bulbul"},"image":{"@id":"https:\/\/zozimo.vantoenfotografia.com\/#\/schema\/logo\/image\/"}}]}},"_links":{"self":[{"href":"https:\/\/zozimo.vantoenfotografia.com\/en\/wp-json\/wp\/v2\/pages\/132","targetHints":{"allow":["GET"]}}],"collection":[{"href":"https:\/\/zozimo.vantoenfotografia.com\/en\/wp-json\/wp\/v2\/pages"}],"about":[{"href":"https:\/\/zozimo.vantoenfotografia.com\/en\/wp-json\/wp\/v2\/types\/page"}],"author":[{"embeddable":true,"href":"https:\/\/zozimo.vantoenfotografia.com\/en\/wp-json\/wp\/v2\/users\/1"}],"replies":[{"embeddable":true,"href":"https:\/\/zozimo.vantoenfotografia.com\/en\/wp-json\/wp\/v2\/comments?post=132"}],"version-history":[{"count":67,"href":"https:\/\/zozimo.vantoenfotografia.com\/en\/wp-json\/wp\/v2\/pages\/132\/revisions"}],"predecessor-version":[{"id":523,"href":"https:\/\/zozimo.vantoenfotografia.com\/en\/wp-json\/wp\/v2\/pages\/132\/revisions\/523"}],"wp:featuredmedia":[{"embeddable":true,"href":"https:\/\/zozimo.vantoenfotografia.com\/en\/wp-json\/wp\/v2\/media\/135"}],"wp:attachment":[{"href":"https:\/\/zozimo.vantoenfotografia.com\/en\/wp-json\/wp\/v2\/media?parent=132"}],"curies":[{"name":"wp","href":"https:\/\/api.w.org\/{rel}","templated":true}]}}