{"id":177,"date":"2022-09-18T05:49:56","date_gmt":"2022-09-18T05:49:56","guid":{"rendered":"https:\/\/zozimo.vantoenfotografia.com\/?page_id=177"},"modified":"2023-03-23T22:24:16","modified_gmt":"2023-03-23T22:24:16","slug":"pesquisa","status":"publish","type":"page","link":"https:\/\/zozimo.vantoenfotografia.com\/en\/pesquisa\/","title":{"rendered":"Research"},"content":{"rendered":"<div data-elementor-type=\"wp-page\" data-elementor-id=\"177\" class=\"elementor elementor-177\" data-elementor-post-type=\"page\">\n\t\t\t\t\t\t<section class=\"elementor-section elementor-top-section elementor-element elementor-element-094d345 elementor-section-boxed elementor-section-height-default elementor-section-height-default\" data-id=\"094d345\" data-element_type=\"section\">\n\t\t\t\t\t\t<div class=\"elementor-container elementor-column-gap-default\">\n\t\t\t\t\t<div class=\"elementor-column elementor-col-100 elementor-top-column elementor-element elementor-element-38a4413\" data-id=\"38a4413\" data-element_type=\"column\">\n\t\t\t<div class=\"elementor-widget-wrap elementor-element-populated\">\n\t\t\t\t\t\t<div class=\"elementor-element elementor-element-a27f19b elementor-widget elementor-widget-heading\" data-id=\"a27f19b\" data-element_type=\"widget\" id=\"titulo-lugares\" data-widget_type=\"heading.default\">\n\t\t\t\t<div class=\"elementor-widget-container\">\n\t\t\t\t\t<h1 class=\"elementor-heading-title elementor-size-default\">Africa <span>Caribbean<\/span> Brazil<\/h1>\t\t\t\t<\/div>\n\t\t\t\t<\/div>\n\t\t\t\t<div class=\"elementor-element elementor-element-825305c elementor-widget elementor-widget-image\" data-id=\"825305c\" data-element_type=\"widget\" data-widget_type=\"image.default\">\n\t\t\t\t<div class=\"elementor-widget-container\">\n\t\t\t\t\t\t\t\t\t\t\t\t\t\t\t<img decoding=\"async\" src=\"https:\/\/zozimo.vantoenfotografia.com\/wp-content\/uploads\/elementor\/thumbs\/africa-puxitf66t00um47ui9mn933rtdn8s0gbulmw6bjaps.png\" title=\"africa\" alt=\"africa\" loading=\"lazy\" \/>\t\t\t\t\t\t\t\t\t\t\t\t\t\t\t<\/div>\n\t\t\t\t<\/div>\n\t\t\t\t<div class=\"elementor-element elementor-element-00f0592 elementor-widget__width-initial elementor-widget elementor-widget-text-editor\" data-id=\"00f0592\" data-element_type=\"widget\" data-widget_type=\"text-editor.default\">\n\t\t\t\t<div class=\"elementor-widget-container\">\n\t\t\t\t\t\t\t\t\t<p><span style=\"font-weight: 400;\">\u201cIn this movie, I\u2019ll be investigating the paths my uncle walked until he was finally accepted, not just as an actor, but also as a director, creator, questioner, and center of attention.\u201d (Vantoen Pereira Jr)<\/span><\/p><p><span style=\"font-weight: 400;\">The focus of this movie won\u2019t be just the importance of his artistic career, but also his political and activist role as a black artist who refused to do undermining roles and to submit to the social or aesthetic rules of the time. It\u2019ll explore darker themes such as his drug use, forced exile, and political persecution.<\/span><\/p><p><span style=\"font-weight: 400;\">In the background, there will be an analysis of the impact of historical moments such as the military dictatorship, Bossa Nova, and Cinema Novo on his personal and professional life. All of it intertwined with his family\u2019s story, one about a black family raised in an affluent region of Rio de Janeiro.<\/span><\/p><p><span style=\"font-weight: 400;\">As sources, we will be utilizing both the family\u2019s personal archive as well as the one in Centro AfroCarioca Z\u00f3zimo Bulbul, a partner in the project and one of the biggest professionalizing centers for black youths in cinema in Brazil.<\/span><\/p>\t\t\t\t\t\t\t\t<\/div>\n\t\t\t\t<\/div>\n\t\t\t\t\t<\/div>\n\t\t<\/div>\n\t\t\t\t\t<\/div>\n\t\t<\/section>\n\t\t\t\t<\/div>","protected":false},"excerpt":{"rendered":"<p>Africa Caribe Brasil \u201cNesse filme eu vou investigar os caminhos que meu tio percorreu at\u00e9 ser aceito, n\u00e3o s\u00f3 como ator, mas tamb\u00e9m como diretor, criador, questionador e centro das aten\u00e7\u00f5es.\u201d \u00a0(Vantoen Pereira Jr) O foco desse longa metragem n\u00e3o ser\u00e1 apenas na import\u00e2ncia do seu trabalho art\u00edstico, mas tamb\u00e9m da sua participa\u00e7\u00e3o pol\u00edtica e [&hellip;]<\/p>","protected":false},"author":1,"featured_media":0,"parent":0,"menu_order":0,"comment_status":"closed","ping_status":"closed","template":"","meta":{"footnotes":""},"class_list":["post-177","page","type-page","status-publish","hentry"],"yoast_head":"<!-- This site is optimized with the Yoast SEO plugin v27.2 - https:\/\/yoast.com\/product\/yoast-seo-wordpress\/ -->\n<title>Pesquisa - Z\u00f3zimo Bulbul<\/title>\n<meta name=\"description\" content=\"Entenda a pesquisa por tr\u00e1s do document\u00e1rio de Z\u00f3zimo Bulbul e entenda as etapas que nossa equipe seguiu para contar essa hist\u00f3ria\" \/>\n<meta name=\"robots\" content=\"index, follow, max-snippet:-1, max-image-preview:large, max-video-preview:-1\" \/>\n<link rel=\"canonical\" href=\"https:\/\/zozimo.vantoenfotografia.com\/en\/pesquisa\/\" \/>\n<meta property=\"og:locale\" content=\"en_US\" \/>\n<meta property=\"og:type\" content=\"article\" \/>\n<meta property=\"og:title\" content=\"Pesquisa - Z\u00f3zimo Bulbul\" \/>\n<meta property=\"og:description\" content=\"Entenda a pesquisa por tr\u00e1s do document\u00e1rio de Z\u00f3zimo Bulbul e entenda as etapas que nossa equipe seguiu para contar essa hist\u00f3ria\" \/>\n<meta property=\"og:url\" content=\"https:\/\/zozimo.vantoenfotografia.com\/en\/pesquisa\/\" \/>\n<meta property=\"og:site_name\" content=\"Z\u00f3zimo Bulbul\" \/>\n<meta property=\"article:modified_time\" content=\"2023-03-23T22:24:16+00:00\" \/>\n<meta property=\"og:image\" content=\"https:\/\/zozimo.vantoenfotografia.com\/wp-content\/uploads\/elementor\/thumbs\/africa-puxitf66t00um47ui9mn933rtdn8s0gbulmw6bjaps.png\" \/>\n<meta name=\"twitter:card\" content=\"summary_large_image\" \/>\n<meta name=\"twitter:label1\" content=\"Est. reading time\" \/>\n\t<meta name=\"twitter:data1\" content=\"2 minutes\" \/>\n<script type=\"application\/ld+json\" class=\"yoast-schema-graph\">{\"@context\":\"https:\/\/schema.org\",\"@graph\":[{\"@type\":\"WebPage\",\"@id\":\"https:\/\/zozimo.vantoenfotografia.com\/pesquisa\/\",\"url\":\"https:\/\/zozimo.vantoenfotografia.com\/pesquisa\/\",\"name\":\"Pesquisa - Z\u00f3zimo Bulbul\",\"isPartOf\":{\"@id\":\"https:\/\/zozimo.vantoenfotografia.com\/#website\"},\"primaryImageOfPage\":{\"@id\":\"https:\/\/zozimo.vantoenfotografia.com\/pesquisa\/#primaryimage\"},\"image\":{\"@id\":\"https:\/\/zozimo.vantoenfotografia.com\/pesquisa\/#primaryimage\"},\"thumbnailUrl\":\"https:\/\/zozimo.vantoenfotografia.com\/wp-content\/uploads\/elementor\/thumbs\/africa-puxitf66t00um47ui9mn933rtdn8s0gbulmw6bjaps.png\",\"datePublished\":\"2022-09-18T05:49:56+00:00\",\"dateModified\":\"2023-03-23T22:24:16+00:00\",\"description\":\"Entenda a pesquisa por tr\u00e1s do document\u00e1rio de Z\u00f3zimo Bulbul e entenda as etapas que nossa equipe seguiu para contar essa hist\u00f3ria\",\"breadcrumb\":{\"@id\":\"https:\/\/zozimo.vantoenfotografia.com\/pesquisa\/#breadcrumb\"},\"inLanguage\":\"en-US\",\"potentialAction\":[{\"@type\":\"ReadAction\",\"target\":[\"https:\/\/zozimo.vantoenfotografia.com\/pesquisa\/\"]}]},{\"@type\":\"ImageObject\",\"inLanguage\":\"en-US\",\"@id\":\"https:\/\/zozimo.vantoenfotografia.com\/pesquisa\/#primaryimage\",\"url\":\"https:\/\/zozimo.vantoenfotografia.com\/wp-content\/uploads\/elementor\/thumbs\/africa-puxitf66t00um47ui9mn933rtdn8s0gbulmw6bjaps.png\",\"contentUrl\":\"https:\/\/zozimo.vantoenfotografia.com\/wp-content\/uploads\/elementor\/thumbs\/africa-puxitf66t00um47ui9mn933rtdn8s0gbulmw6bjaps.png\"},{\"@type\":\"BreadcrumbList\",\"@id\":\"https:\/\/zozimo.vantoenfotografia.com\/pesquisa\/#breadcrumb\",\"itemListElement\":[{\"@type\":\"ListItem\",\"position\":1,\"name\":\"Home\",\"item\":\"https:\/\/zozimo.vantoenfotografia.com\/\"},{\"@type\":\"ListItem\",\"position\":2,\"name\":\"Pesquisa\"}]},{\"@type\":\"WebSite\",\"@id\":\"https:\/\/zozimo.vantoenfotografia.com\/#website\",\"url\":\"https:\/\/zozimo.vantoenfotografia.com\/\",\"name\":\"Z\u00f3zimo Bulbul\",\"description\":\"Z\u00f3zimo Bulbul O Vo\u00f4 do Rouxinol\",\"publisher\":{\"@id\":\"https:\/\/zozimo.vantoenfotografia.com\/#organization\"},\"potentialAction\":[{\"@type\":\"SearchAction\",\"target\":{\"@type\":\"EntryPoint\",\"urlTemplate\":\"https:\/\/zozimo.vantoenfotografia.com\/?s={search_term_string}\"},\"query-input\":{\"@type\":\"PropertyValueSpecification\",\"valueRequired\":true,\"valueName\":\"search_term_string\"}}],\"inLanguage\":\"en-US\"},{\"@type\":\"Organization\",\"@id\":\"https:\/\/zozimo.vantoenfotografia.com\/#organization\",\"name\":\"Z\u00f3zimo Bulbul\",\"url\":\"https:\/\/zozimo.vantoenfotografia.com\/\",\"logo\":{\"@type\":\"ImageObject\",\"inLanguage\":\"en-US\",\"@id\":\"https:\/\/zozimo.vantoenfotografia.com\/#\/schema\/logo\/image\/\",\"url\":\"https:\/\/zozimo.vantoenfotografia.com\/wp-content\/uploads\/2022\/09\/logo_vantoen_colorida-e1663470348911.webp\",\"contentUrl\":\"https:\/\/zozimo.vantoenfotografia.com\/wp-content\/uploads\/2022\/09\/logo_vantoen_colorida-e1663470348911.webp\",\"width\":1427,\"height\":201,\"caption\":\"Z\u00f3zimo Bulbul\"},\"image\":{\"@id\":\"https:\/\/zozimo.vantoenfotografia.com\/#\/schema\/logo\/image\/\"}}]}<\/script>\n<!-- \/ Yoast SEO plugin. -->","yoast_head_json":{"title":"Pesquisa - Z\u00f3zimo Bulbul","description":"Entenda a pesquisa por tr\u00e1s do document\u00e1rio de Z\u00f3zimo Bulbul e entenda as etapas que nossa equipe seguiu para contar essa hist\u00f3ria","robots":{"index":"index","follow":"follow","max-snippet":"max-snippet:-1","max-image-preview":"max-image-preview:large","max-video-preview":"max-video-preview:-1"},"canonical":"https:\/\/zozimo.vantoenfotografia.com\/en\/pesquisa\/","og_locale":"en_US","og_type":"article","og_title":"Pesquisa - Z\u00f3zimo Bulbul","og_description":"Entenda a pesquisa por tr\u00e1s do document\u00e1rio de Z\u00f3zimo Bulbul e entenda as etapas que nossa equipe seguiu para contar essa hist\u00f3ria","og_url":"https:\/\/zozimo.vantoenfotografia.com\/en\/pesquisa\/","og_site_name":"Z\u00f3zimo Bulbul","article_modified_time":"2023-03-23T22:24:16+00:00","og_image":[{"url":"https:\/\/zozimo.vantoenfotografia.com\/wp-content\/uploads\/elementor\/thumbs\/africa-puxitf66t00um47ui9mn933rtdn8s0gbulmw6bjaps.png","type":"","width":"","height":""}],"twitter_card":"summary_large_image","twitter_misc":{"Est. reading time":"2 minutes"},"schema":{"@context":"https:\/\/schema.org","@graph":[{"@type":"WebPage","@id":"https:\/\/zozimo.vantoenfotografia.com\/pesquisa\/","url":"https:\/\/zozimo.vantoenfotografia.com\/pesquisa\/","name":"Pesquisa - Z\u00f3zimo Bulbul","isPartOf":{"@id":"https:\/\/zozimo.vantoenfotografia.com\/#website"},"primaryImageOfPage":{"@id":"https:\/\/zozimo.vantoenfotografia.com\/pesquisa\/#primaryimage"},"image":{"@id":"https:\/\/zozimo.vantoenfotografia.com\/pesquisa\/#primaryimage"},"thumbnailUrl":"https:\/\/zozimo.vantoenfotografia.com\/wp-content\/uploads\/elementor\/thumbs\/africa-puxitf66t00um47ui9mn933rtdn8s0gbulmw6bjaps.png","datePublished":"2022-09-18T05:49:56+00:00","dateModified":"2023-03-23T22:24:16+00:00","description":"Entenda a pesquisa por tr\u00e1s do document\u00e1rio de Z\u00f3zimo Bulbul e entenda as etapas que nossa equipe seguiu para contar essa hist\u00f3ria","breadcrumb":{"@id":"https:\/\/zozimo.vantoenfotografia.com\/pesquisa\/#breadcrumb"},"inLanguage":"en-US","potentialAction":[{"@type":"ReadAction","target":["https:\/\/zozimo.vantoenfotografia.com\/pesquisa\/"]}]},{"@type":"ImageObject","inLanguage":"en-US","@id":"https:\/\/zozimo.vantoenfotografia.com\/pesquisa\/#primaryimage","url":"https:\/\/zozimo.vantoenfotografia.com\/wp-content\/uploads\/elementor\/thumbs\/africa-puxitf66t00um47ui9mn933rtdn8s0gbulmw6bjaps.png","contentUrl":"https:\/\/zozimo.vantoenfotografia.com\/wp-content\/uploads\/elementor\/thumbs\/africa-puxitf66t00um47ui9mn933rtdn8s0gbulmw6bjaps.png"},{"@type":"BreadcrumbList","@id":"https:\/\/zozimo.vantoenfotografia.com\/pesquisa\/#breadcrumb","itemListElement":[{"@type":"ListItem","position":1,"name":"Home","item":"https:\/\/zozimo.vantoenfotografia.com\/"},{"@type":"ListItem","position":2,"name":"Pesquisa"}]},{"@type":"WebSite","@id":"https:\/\/zozimo.vantoenfotografia.com\/#website","url":"https:\/\/zozimo.vantoenfotografia.com\/","name":"Z\u00f3zimo Bulbul","description":"Z\u00f3zimo Bulbul O Vo\u00f4 do Rouxinol","publisher":{"@id":"https:\/\/zozimo.vantoenfotografia.com\/#organization"},"potentialAction":[{"@type":"SearchAction","target":{"@type":"EntryPoint","urlTemplate":"https:\/\/zozimo.vantoenfotografia.com\/?s={search_term_string}"},"query-input":{"@type":"PropertyValueSpecification","valueRequired":true,"valueName":"search_term_string"}}],"inLanguage":"en-US"},{"@type":"Organization","@id":"https:\/\/zozimo.vantoenfotografia.com\/#organization","name":"Z\u00f3zimo Bulbul","url":"https:\/\/zozimo.vantoenfotografia.com\/","logo":{"@type":"ImageObject","inLanguage":"en-US","@id":"https:\/\/zozimo.vantoenfotografia.com\/#\/schema\/logo\/image\/","url":"https:\/\/zozimo.vantoenfotografia.com\/wp-content\/uploads\/2022\/09\/logo_vantoen_colorida-e1663470348911.webp","contentUrl":"https:\/\/zozimo.vantoenfotografia.com\/wp-content\/uploads\/2022\/09\/logo_vantoen_colorida-e1663470348911.webp","width":1427,"height":201,"caption":"Z\u00f3zimo Bulbul"},"image":{"@id":"https:\/\/zozimo.vantoenfotografia.com\/#\/schema\/logo\/image\/"}}]}},"_links":{"self":[{"href":"https:\/\/zozimo.vantoenfotografia.com\/en\/wp-json\/wp\/v2\/pages\/177","targetHints":{"allow":["GET"]}}],"collection":[{"href":"https:\/\/zozimo.vantoenfotografia.com\/en\/wp-json\/wp\/v2\/pages"}],"about":[{"href":"https:\/\/zozimo.vantoenfotografia.com\/en\/wp-json\/wp\/v2\/types\/page"}],"author":[{"embeddable":true,"href":"https:\/\/zozimo.vantoenfotografia.com\/en\/wp-json\/wp\/v2\/users\/1"}],"replies":[{"embeddable":true,"href":"https:\/\/zozimo.vantoenfotografia.com\/en\/wp-json\/wp\/v2\/comments?post=177"}],"version-history":[{"count":18,"href":"https:\/\/zozimo.vantoenfotografia.com\/en\/wp-json\/wp\/v2\/pages\/177\/revisions"}],"predecessor-version":[{"id":491,"href":"https:\/\/zozimo.vantoenfotografia.com\/en\/wp-json\/wp\/v2\/pages\/177\/revisions\/491"}],"wp:attachment":[{"href":"https:\/\/zozimo.vantoenfotografia.com\/en\/wp-json\/wp\/v2\/media?parent=177"}],"curies":[{"name":"wp","href":"https:\/\/api.w.org\/{rel}","templated":true}]}}